{"id":5,"date":"2016-12-01T12:54:39","date_gmt":"2016-12-01T11:54:39","guid":{"rendered":"http:\/\/freundeskreis-kulturpunkt-bruck.de\/?page_id=5"},"modified":"2025-02-20T14:05:21","modified_gmt":"2025-02-20T13:05:21","slug":"startseite","status":"publish","type":"page","link":"https:\/\/freundeskreis-kulturpunkt-bruck.de\/","title":{"rendered":"Startseite"},"content":{"rendered":"<p><img loading=\"lazy\" decoding=\"async\" class=\"wp-image-37 alignleft\" src=\"http:\/\/freundeskreis-kulturpunkt-bruck.de\/wp-content\/uploads\/2016\/12\/KuPu-Logo-Freundeskreis-300x227.jpg\" alt=\"KuPu-Logo-Freundeskreis\" width=\"202\" height=\"153\" srcset=\"https:\/\/freundeskreis-kulturpunkt-bruck.de\/wp-content\/uploads\/2016\/12\/KuPu-Logo-Freundeskreis-300x227.jpg 300w, https:\/\/freundeskreis-kulturpunkt-bruck.de\/wp-content\/uploads\/2016\/12\/KuPu-Logo-Freundeskreis-768x582.jpg 768w, https:\/\/freundeskreis-kulturpunkt-bruck.de\/wp-content\/uploads\/2016\/12\/KuPu-Logo-Freundeskreis.jpg 957w\" sizes=\"auto, (max-width: 202px) 100vw, 202px\" \/><\/p>\n<p>Herzlich Willkommen auf der Homepage vom Freundeskreis Kulturpunkt Bruck!<\/p>\n<p>Wir sind interessierte Menschen, die im Kulturpunkt Bruck und im Gemeinschaftsgarten \u201eUnserGarten Bruck\u201c zusammen kommen, die Angebote dort nutzen und die Arbeit unterst\u00fctzen.<\/p>\n<p>Wir setzen uns f\u00fcr den Erhalt der soziokulturellen Einrichtung und des Gartens ein.<\/p>\n<p>Wir unterst\u00fctzen tatkr\u00e4ftig und durch Spenden den Erhalt des Gartens, wir engagieren uns f\u00fcr die Angebote des Stadtteilzentrums, organisieren und helfen mit bei Veranstaltungen<\/p>\n<p>Wir freuen uns \u00fcber aktive und finanzielle Verst\u00e4rkung in unserem, als gemeinn\u00fctzig anerkannten, F\u00f6rderverein.<\/p>\n<p>Werden Sie Mitglied und nutzen Sie die Gelegenheit, sich ganz konkret in unsere Arbeit mit einzubringen.<\/p>\n<p>Wenn Sie sich \u00fcber die Arbeit des Freundeskreises und Beteiligungs-M\u00f6glichkeiten informieren wollen, geben wir Ihnen gerne in einem pers\u00f6nlichen Gespr\u00e4ch weitere Auskunft.<\/p>\n<p>Vorstand<\/p>\n<p>1. Vorsitzender: Dieter Wollscheid<\/p>\n<p>2. Vorsitzender:\u00a0 Manfred Niedballa<\/p>\n<p><img loading=\"lazy\" decoding=\"async\" class=\"alignnone size-medium wp-image-77\" src=\"http:\/\/freundeskreis-kulturpunkt-bruck.de\/wp-content\/uploads\/2020\/09\/20200603-Pergola_kleiner-300x225.jpg\" alt=\"\" width=\"300\" height=\"225\" srcset=\"https:\/\/freundeskreis-kulturpunkt-bruck.de\/wp-content\/uploads\/2020\/09\/20200603-Pergola_kleiner-300x225.jpg 300w, https:\/\/freundeskreis-kulturpunkt-bruck.de\/wp-content\/uploads\/2020\/09\/20200603-Pergola_kleiner-1024x768.jpg 1024w, https:\/\/freundeskreis-kulturpunkt-bruck.de\/wp-content\/uploads\/2020\/09\/20200603-Pergola_kleiner-768x576.jpg 768w, https:\/\/freundeskreis-kulturpunkt-bruck.de\/wp-content\/uploads\/2020\/09\/20200603-Pergola_kleiner-1536x1152.jpg 1536w, https:\/\/freundeskreis-kulturpunkt-bruck.de\/wp-content\/uploads\/2020\/09\/20200603-Pergola_kleiner-2048x1536.jpg 2048w\" sizes=\"auto, (max-width: 300px) 100vw, 300px\" \/><\/p>\n<p>Pergola im Interkulturellen Gemeinschaftsgarten UnserGarten Bruck &#8211; verwirklicht durch den Freundeskreis Kulturpunkt Bruck<\/p>\n<p>Kontoverbindung:<br \/>\nFreundeskreis Kulturpunkt Bruck<br \/>\nSparkasse Erlangen<br \/>\nIBAN: DE 37 7635 0000 0060 081423<\/p>\n","protected":false},"excerpt":{"rendered":"<p>Herzlich Willkommen auf der Homepage vom Freundeskreis Kulturpunkt Bruck! Wir sind interessierte Menschen, die im Kulturpunkt Bruck und im Gemeinschaftsgarten \u201eUnserGarten Bruck\u201c zusammen kommen, die Angebote dort nutzen und die Arbeit unterst\u00fctzen. Wir setzen uns f\u00fcr den Erhalt der soziokulturellen Einrichtung und des Gartens ein. Wir unterst\u00fctzen tatkr\u00e4ftig und durch Spenden den Erhalt des Gartens, [&hellip;]<\/p>\n","protected":false},"author":1,"featured_media":0,"parent":0,"menu_order":0,"comment_status":"closed","ping_status":"closed","template":"","meta":{"footnotes":""},"class_list":["post-5","page","type-page","status-publish","hentry"],"_links":{"self":[{"href":"https:\/\/freundeskreis-kulturpunkt-bruck.de\/index.php?rest_route=\/wp\/v2\/pages\/5","targetHints":{"allow":["GET"]}}],"collection":[{"href":"https:\/\/freundeskreis-kulturpunkt-bruck.de\/index.php?rest_route=\/wp\/v2\/pages"}],"about":[{"href":"https:\/\/freundeskreis-kulturpunkt-bruck.de\/index.php?rest_route=\/wp\/v2\/types\/page"}],"author":[{"embeddable":true,"href":"https:\/\/freundeskreis-kulturpunkt-bruck.de\/index.php?rest_route=\/wp\/v2\/users\/1"}],"replies":[{"embeddable":true,"href":"https:\/\/freundeskreis-kulturpunkt-bruck.de\/index.php?rest_route=%2Fwp%2Fv2%2Fcomments&post=5"}],"version-history":[{"count":13,"href":"https:\/\/freundeskreis-kulturpunkt-bruck.de\/index.php?rest_route=\/wp\/v2\/pages\/5\/revisions"}],"predecessor-version":[{"id":104,"href":"https:\/\/freundeskreis-kulturpunkt-bruck.de\/index.php?rest_route=\/wp\/v2\/pages\/5\/revisions\/104"}],"wp:attachment":[{"href":"https:\/\/freundeskreis-kulturpunkt-bruck.de\/index.php?rest_route=%2Fwp%2Fv2%2Fmedia&parent=5"}],"curies":[{"name":"wp","href":"https:\/\/api.w.org\/{rel}","templated":true}]}}