{"id":7,"date":"2016-12-01T12:55:18","date_gmt":"2016-12-01T11:55:18","guid":{"rendered":"http:\/\/freundeskreis-kulturpunkt-bruck.de\/?page_id=7"},"modified":"2022-12-20T10:10:28","modified_gmt":"2022-12-20T09:10:28","slug":"impressum","status":"publish","type":"page","link":"https:\/\/freundeskreis-kulturpunkt-bruck.de\/?page_id=7","title":{"rendered":"Impressum"},"content":{"rendered":"<div class=\"post-content\">\n<h1 data-fontsize=\"36\" data-lineheight=\"50\">Impressum<\/h1>\n<h3 data-fontsize=\"23\" data-lineheight=\"29\">Freundeskreis Kulturpunkt Bruck<\/h3>\n<div class=\"csc-textpic csc-textpic-intext-right\">\n<div class=\"csc-textpic-text\">\n<p>c\/o N.N. (1. Vorsitzender)<br \/>\nFr\u00f6belstr. 6<\/p>\n<p>91058 Erlangen<\/p>\n<p>E-Mail: freundeskreis-kulturpunkt@gmx.de<\/p>\n<blockquote class=\"wp-embedded-content\" data-secret=\"JFjoUPyHbT\"><p><a href=\"https:\/\/freundeskreis-kulturpunkt-bruck.de\/\">Startseite<\/a><\/p><\/blockquote>\n<p><iframe loading=\"lazy\" class=\"wp-embedded-content\" sandbox=\"allow-scripts\" security=\"restricted\" style=\"position: absolute; visibility: hidden;\" title=\"&#8222;Startseite&#8220; &#8211; Freundeskreis Kulturpunkt Bruck\" src=\"https:\/\/freundeskreis-kulturpunkt-bruck.de\/?embed=true#?secret=6AESC5WoJM#?secret=JFjoUPyHbT\" data-secret=\"JFjoUPyHbT\" width=\"600\" height=\"338\" frameborder=\"0\" marginwidth=\"0\" marginheight=\"0\" scrolling=\"no\"><\/iframe><\/p>\n<\/div>\n<\/div>\n<h3 data-fontsize=\"23\" data-lineheight=\"29\">Haftung<\/h3>\n<p class=\"bodytext\">Der Freundeskreis Kulturpunkt Bruck ist selbstverst\u00e4ndlich bestrebt, das hier enthaltene Angebot soweit m\u00f6glich immer aktuell und vollst\u00e4ndig zu halten. Trotzdem weisen wir darauf hin, dass wir keine Haftung f\u00fcr jedwede materielle oder ideelle Sch\u00e4den \u00fcbernehmen, die durch die Nutzung dieses Internetangebotes \u2013 z. B. durch fehlende oder fehlerhafte Informationen \u2013 verursacht werden.Der Freundeskreis Kulturpunkt Bruck \u00fcbernimmt keine Gew\u00e4hr, was Aktualit\u00e4t, Qualit\u00e4t, Vollst\u00e4ndigkeit oder Korrektheit der angebotenen Inhalte anbetrifft und beh\u00e4lt sich das Recht vor, die bereitgestellten Inhalte \u2013 ohne Benachrichtigung der Nutzerinnen und Nutzer dieses Angebotes \u2013 zu ver\u00e4ndern oder das Angebot komplett einzustellen. Sofern Inhalte des Angebotes mit Quellenangabe und\/oder Name der Autorin\/des Autors versehen sind oder Links auf Internetangebote verweisen, die nicht im Einflussbereich des Freundeskreises Kulturpunkt Bruck liegen, haftet dieses nur dann f\u00fcr m\u00f6gliche Sch\u00e4den, die aus der Nutzung entstehen, wenn es in der Lage gewesen w\u00e4re, rechtswidrige Inhalte zu erkennen und technisch in der Lage ist, rechtswidrige Inhalte zu verhindern und wenn dieses als zumutbar eingestuft werden kann.<\/p>\n<p class=\"bodytext\">Sofern Teile oder einzelne Formulierungen dieses Impressums der geltenden Rechtslage nicht, nicht mehr oder nicht vollst\u00e4ndig entsprechen sollten, bleiben die \u00fcbrigen Teile in ihrem Inhalt und ihrer G\u00fcltigkeit davon unber\u00fchrt.<\/p>\n<h3 data-fontsize=\"23\" data-lineheight=\"29\">Haftungsausschluss<\/h3>\n<h4 data-fontsize=\"20\" data-lineheight=\"28\">Haftung f\u00fcr Inhalte:<\/h4>\n<p>Wir bem\u00fchen uns die Inhalte unserer Seite aktuell zu halten. Trotz sorgf\u00e4ltiger Bearbeitung bleibt eine Haftung ausgeschlossen.<\/p>\n<p>Als Diensteanbieter sind wir gem\u00e4\u00df \u00a7 7 Abs.1 TMG f\u00fcr eigene Inhalte auf diesen Seiten nach den allgemeinen Gesetzen verantwortlich.<\/p>\n<p>Nach \u00a7\u00a7 8 bis 10 TMG sind wir als Diensteanbieter jedoch nicht verpflichtet, \u00fcbermittelte oder gespeicherte fremde Informationen zu \u00fcberwachen. Bei bekannt werden von Rechtsverletzungen, werden wir diese Inhalte umgehend entfernen. Eine diesbez\u00fcgliche Haftung \u00fcbernehmen wir erst ab dem Zeitpunkt der Kenntnis einer m\u00f6glichen Rechtsverletzung.<\/p>\n<h4 data-fontsize=\"20\" data-lineheight=\"28\">Haftung f\u00fcr Links:<\/h4>\n<p>Unser Angebot enth\u00e4lt Links zu externen Webseiten Dritter, auf deren Inhalte wir keinen Einfluss haben. F\u00fcr die Inhalte der verlinkten Seiten ist stets der jeweilige Anbieter oder Betreiber der Seiten verantwortlich. F\u00fcr die Inhalte und die Richtigkeit der Informationen verlinkter Websites fremder Informationsanbieter wird keine Gew\u00e4hr \u00fcbernommen.<\/p>\n<p>Die verlinkten Seiten wurden zum Zeitpunkt der Verlinkung auf m\u00f6gliche Rechtsverst\u00f6\u00dfe OHNE BEANSTANDUNG \u00fcberpr\u00fcft. Bei bekannt werden von Rechtsverletzungen werden wir derartige Links umgehend entfernen.<\/p>\n<h4 data-fontsize=\"20\" data-lineheight=\"28\">Urheberrecht:<\/h4>\n<p>Die durch die Seitenbetreiber erstellten Inhalte und Werke auf diesen Seiten unterliegen dem deutschen Urheberrecht. Die Vervielf\u00e4ltigung, Bearbeitung, Verbreitung und jede Art der Verwertung au\u00dferhalb der Grenzen des Urheberrechtes bed\u00fcrfen der schriftlichen Zustimmung des jeweiligen Autors bzw. Erstellers.<\/p>\n<h4 data-fontsize=\"20\" data-lineheight=\"28\">Datenschutz:<\/h4>\n<p>Wir weisen darauf hin, dass die Daten\u00fcbertragung im Internet (z.B. bei der Kommunikation per E-Mail) Sicherheitsl\u00fccken aufweisen kann. Ein l\u00fcckenloser Schutz der Daten vor dem Zugriff durch Dritte ist nicht m\u00f6glich. Eine Vertraulichkeit im Hinblick auf die Datenschutzbestimmungen wird nur unter der vorstehenden Einschr\u00e4nkung gew\u00e4hrleistet. Insbesondere sollen alle Mitteilungen von personenbezogenen Daten \u00fcber das Internet nur erfolgen, soweit nicht Rechte Dritter ber\u00fchrt werden. Es sei denn der Dritte hat in Kenntnis der vorstehenden Sicherheitsl\u00fccken ebenfalls seine Zustimmung erkl\u00e4rt. Eine Haftung des Seitenbetreibers wird f\u00fcr die durch solche Sicherheitsl\u00fccken entstehenden Sch\u00e4den oder Unterlassungsanspr\u00fcche ausgeschlossen.<\/p>\n<p>Der Nutzung von allen ver\u00f6ffentlichten Kontaktdaten durch Dritte zur \u00dcbersendung von nicht ausdr\u00fccklich angeforderter Werbung wird widersprochen. Die Betreiber der Seiten behalten sich ausdr\u00fccklich rechtliche Schritte im Falle der unverlangten Zusendung von Werbeinformationen, etwa durch Spam-Mails, vor.<\/p>\n<h4 data-fontsize=\"20\" data-lineheight=\"28\">Verwendung von Facebook-Plugins<\/h4>\n<p>Auf diesen Internetseiten werden ggf. Plugins des sozialen Netzwerkes facebook.com verwendet, das von der Facebook Inc., 1601 S. California Ave, Palo Alto, CA 94304, USA betrieben wird (\u201eFacebook\u201c).<br \/>\nWenn Sie mit einen solchen Plugin versehene Internetseiten unserer Internetpr\u00e4senz aufrufen, wird eine Verbindung zu den Facebook-Servern hergestellt und dabei das Plugin durch Mitteilung an Ihren Browser auf der Internetseite dargestellt. Hierdurch wird an den Facebook-Server \u00fcbermittelt, welche unserer Internetseiten Sie besucht haben. Sind Sie dabei als Mitglied bei Facebook eingeloggt, ordnet Facebook diese Information Ihrem pers\u00f6nlichen Facebook-Benutzerkonto zu. Bei der Nutzung der Plugin-Funktionen (z.B. Anklicken des \u201eGef\u00e4llt mir\u201c-Buttons, Abgabe eines Kommentars) werden auch diese Informationen Ihrem Facebook-Konto zugeordnet, was Sie nur durch Ausloggen vor Nutzung des Plugins verhindern k\u00f6nnen.<br \/>\nN\u00e4here Informationen zur Erhebung und Nutzung der Daten durch Facebook, \u00fcber Ihre diesbez\u00fcglichen Rechte und M\u00f6glichkeiten zum Schutz Ihrer Privatsph\u00e4re finden Sie in den Datenschutzhinweisen von Facebook.<\/p>\n<\/div>\n","protected":false},"excerpt":{"rendered":"<p>Impressum Freundeskreis Kulturpunkt Bruck c\/o N.N. (1. Vorsitzender) Fr\u00f6belstr. 6 91058 Erlangen E-Mail: freundeskreis-kulturpunkt@gmx.de Startseite Haftung Der Freundeskreis Kulturpunkt Bruck ist selbstverst\u00e4ndlich bestrebt, das hier enthaltene Angebot soweit m\u00f6glich immer aktuell und vollst\u00e4ndig zu halten. Trotzdem weisen wir darauf hin, dass wir keine Haftung f\u00fcr jedwede materielle oder ideelle Sch\u00e4den \u00fcbernehmen, die durch die Nutzung [&hellip;]<\/p>\n","protected":false},"author":1,"featured_media":0,"parent":0,"menu_order":0,"comment_status":"closed","ping_status":"closed","template":"template-fullwidth.php","meta":{"footnotes":""},"class_list":["post-7","page","type-page","status-publish","hentry"],"_links":{"self":[{"href":"https:\/\/freundeskreis-kulturpunkt-bruck.de\/index.php?rest_route=\/wp\/v2\/pages\/7","targetHints":{"allow":["GET"]}}],"collection":[{"href":"https:\/\/freundeskreis-kulturpunkt-bruck.de\/index.php?rest_route=\/wp\/v2\/pages"}],"about":[{"href":"https:\/\/freundeskreis-kulturpunkt-bruck.de\/index.php?rest_route=\/wp\/v2\/types\/page"}],"author":[{"embeddable":true,"href":"https:\/\/freundeskreis-kulturpunkt-bruck.de\/index.php?rest_route=\/wp\/v2\/users\/1"}],"replies":[{"embeddable":true,"href":"https:\/\/freundeskreis-kulturpunkt-bruck.de\/index.php?rest_route=%2Fwp%2Fv2%2Fcomments&post=7"}],"version-history":[{"count":7,"href":"https:\/\/freundeskreis-kulturpunkt-bruck.de\/index.php?rest_route=\/wp\/v2\/pages\/7\/revisions"}],"predecessor-version":[{"id":87,"href":"https:\/\/freundeskreis-kulturpunkt-bruck.de\/index.php?rest_route=\/wp\/v2\/pages\/7\/revisions\/87"}],"wp:attachment":[{"href":"https:\/\/freundeskreis-kulturpunkt-bruck.de\/index.php?rest_route=%2Fwp%2Fv2%2Fmedia&parent=7"}],"curies":[{"name":"wp","href":"https:\/\/api.w.org\/{rel}","templated":true}]}}